{"id":1048,"date":"2025-03-03T22:58:06","date_gmt":"2025-03-03T20:58:06","guid":{"rendered":"https:\/\/terrecynara.it\/?post_type=product&#038;p=1048"},"modified":"2025-07-15T22:07:36","modified_gmt":"2025-07-15T20:07:36","slug":"olio-extravergine-doliva-cerasuola","status":"publish","type":"product","link":"https:\/\/terrecynara.it\/?product=olio-extravergine-doliva-cerasuola","title":{"rendered":"Olio Extravergine d&#8217;Oliva &#8211; Cerasuola"},"content":{"rendered":"<p>Un\u2019espressione autentica della terra siciliana, l\u2019olio extravergine di oliva Cerasuola \u00e8 un\u2019esplosione di carattere e intensit\u00e0. Estratto da olive pregiate, regala un profumo avvolgente di erbe fresche, pomodoro maturo e carciofo, con un gusto deciso che si apre in un perfetto equilibrio tra amaro e piccante. La sua consistenza morbida e vellutata accarezza il palato, lasciando una persistenza aromatica unica, che esalta ogni piatto con un tocco di autenticit\u00e0. Perfetto a crudo su bruschette, insalate, legumi e piatti di pesce, \u00e8 il cuore pulsante della cucina mediterranea, un omaggio alla tradizione e alla qualit\u00e0 senza compromessi.<\/p>\n","protected":false},"excerpt":{"rendered":"<p>Un\u2019espressione autentica della terra siciliana, l\u2019olio extravergine di oliva Cerasuola \u00e8 un\u2019esplosione di carattere e intensit\u00e0. Estratto da olive pregiate, regala un profumo avvolgente di erbe fresche, pomodoro maturo e carciofo, con un gusto deciso che si apre in un perfetto equilibrio tra amaro e piccante. La sua consistenza morbida e vellutata accarezza il palato, lasciando una persistenza aromatica unica, che esalta ogni piatto con un tocco di autenticit\u00e0. Perfetto a crudo su bruschette, insalate, legumi e piatti di pesce, \u00e8 il cuore pulsante della cucina mediterranea, un omaggio alla tradizione e alla qualit\u00e0 senza compromessi.<\/p>\n","protected":false},"featured_media":1183,"comment_status":"open","ping_status":"closed","template":"","meta":[],"product_brand":[38],"product_cat":[34,40],"product_tag":[],"class_list":{"0":"post-1048","1":"product","2":"type-product","3":"status-publish","4":"has-post-thumbnail","6":"product_brand-terrecynara","7":"product_cat-olio-doliva","8":"product_cat-tutti-i-prodotti","10":"first","11":"instock","12":"sale","13":"taxable","14":"shipping-taxable","15":"purchasable","16":"product-type-variable"},"_links":{"self":[{"href":"https:\/\/terrecynara.it\/index.php?rest_route=\/wp\/v2\/product\/1048","targetHints":{"allow":["GET"]}}],"collection":[{"href":"https:\/\/terrecynara.it\/index.php?rest_route=\/wp\/v2\/product"}],"about":[{"href":"https:\/\/terrecynara.it\/index.php?rest_route=\/wp\/v2\/types\/product"}],"replies":[{"embeddable":true,"href":"https:\/\/terrecynara.it\/index.php?rest_route=%2Fwp%2Fv2%2Fcomments&post=1048"}],"wp:featuredmedia":[{"embeddable":true,"href":"https:\/\/terrecynara.it\/index.php?rest_route=\/wp\/v2\/media\/1183"}],"wp:attachment":[{"href":"https:\/\/terrecynara.it\/index.php?rest_route=%2Fwp%2Fv2%2Fmedia&parent=1048"}],"wp:term":[{"taxonomy":"product_brand","embeddable":true,"href":"https:\/\/terrecynara.it\/index.php?rest_route=%2Fwp%2Fv2%2Fproduct_brand&post=1048"},{"taxonomy":"product_cat","embeddable":true,"href":"https:\/\/terrecynara.it\/index.php?rest_route=%2Fwp%2Fv2%2Fproduct_cat&post=1048"},{"taxonomy":"product_tag","embeddable":true,"href":"https:\/\/terrecynara.it\/index.php?rest_route=%2Fwp%2Fv2%2Fproduct_tag&post=1048"}],"curies":[{"name":"wp","href":"https:\/\/api.w.org\/{rel}","templated":true}]}}