{"id":1053,"date":"2025-03-08T09:23:24","date_gmt":"2025-03-08T07:23:24","guid":{"rendered":"https:\/\/terrecynara.it\/?post_type=product&#038;p=1053"},"modified":"2025-07-15T22:07:36","modified_gmt":"2025-07-15T20:07:36","slug":"lenticchie","status":"publish","type":"product","link":"https:\/\/terrecynara.it\/?product=lenticchie","title":{"rendered":"Lenticchie"},"content":{"rendered":"<ul class=\"nav nav-tabs\" role=\"tablist\">\n<li class=\"nav-item\">Descrizione<\/li>\n<\/ul>\n<div id=\"tab-content\" class=\"tab-content\">\n<div id=\"description\" class=\"tab-pane fade in active js-product-tab-active\" role=\"tabpanel\">\n<div class=\"product-description\">\n<h3>Lenticchie Siciliane<\/h3>\n<p>Piccole, preziose e incredibilmente versatili, le lenticchie sono un dono della terra che racchiude sapori autentici e benessere. Con la loro forma perfetta e la loro consistenza vellutata, sprigionano un gusto delicato con leggere note di terra e nocciola, evocando tradizioni antiche e ricette senza tempo. Protagoniste di zuppe avvolgenti, insalate fresche o piatti ricchi di creativit\u00e0, queste perle vegetali si trasformano in ogni cucina, adattandosi a sapori rustici o raffinati. Simbolo di prosperit\u00e0 e abbondanza, ogni assaggio \u00e8 un viaggio tra storia, natura e piacere genuino, capace di scaldare il cuore e soddisfare il palato.<\/p>\n<p>&nbsp;<\/p>\n<p><strong>Modalit\u00e0 di preparazione<\/strong><\/p>\n<p>Dopo aver lavato accuratamente le lenticchie metterle sul fuoco in acqua fredda in una pentola preferibilmente di coccio, portare ad ebollizione e proseguire la cottura a fuoco lento per circa 20 minuti. In pentola a pressione sono sufficienti 7 minuti circa dall\u2019inizio del fischio. Salare verso fine cottura.<\/p>\n<\/div>\n<\/div>\n<\/div>\n","protected":false},"excerpt":{"rendered":"<p>Descrizione Lenticchie Siciliane Piccole, preziose e incredibilmente versatili, le lenticchie sono un dono della terra che racchiude sapori autentici e benessere. Con la loro forma perfetta e la loro consistenza vellutata, sprigionano un gusto delicato con leggere note di terra e nocciola, evocando tradizioni antiche e ricette senza tempo. Protagoniste di zuppe avvolgenti, insalate fresche o piatti ricchi di creativit\u00e0, queste perle vegetali si trasformano in ogni cucina, adattandosi a sapori rustici o raffinati. Simbolo di prosperit\u00e0 e abbondanza, ogni assaggio \u00e8 un viaggio tra storia, natura e piacere genuino, capace di scaldare il cuore e soddisfare il palato. &nbsp; Modalit\u00e0 di preparazione Dopo aver lavato accuratamente le lenticchie metterle sul fuoco in acqua fredda in una pentola&hellip;<\/p>\n","protected":false},"featured_media":1161,"comment_status":"open","ping_status":"closed","template":"","meta":[],"product_brand":[38],"product_cat":[41,40],"product_tag":[],"class_list":{"0":"post-1053","1":"product","2":"type-product","3":"status-publish","4":"has-post-thumbnail","6":"product_brand-terrecynara","7":"product_cat-legumi-secchi","8":"product_cat-tutti-i-prodotti","10":"first","11":"instock","12":"sale","13":"taxable","14":"shipping-taxable","15":"purchasable","16":"product-type-simple"},"_links":{"self":[{"href":"https:\/\/terrecynara.it\/index.php?rest_route=\/wp\/v2\/product\/1053","targetHints":{"allow":["GET"]}}],"collection":[{"href":"https:\/\/terrecynara.it\/index.php?rest_route=\/wp\/v2\/product"}],"about":[{"href":"https:\/\/terrecynara.it\/index.php?rest_route=\/wp\/v2\/types\/product"}],"replies":[{"embeddable":true,"href":"https:\/\/terrecynara.it\/index.php?rest_route=%2Fwp%2Fv2%2Fcomments&post=1053"}],"wp:featuredmedia":[{"embeddable":true,"href":"https:\/\/terrecynara.it\/index.php?rest_route=\/wp\/v2\/media\/1161"}],"wp:attachment":[{"href":"https:\/\/terrecynara.it\/index.php?rest_route=%2Fwp%2Fv2%2Fmedia&parent=1053"}],"wp:term":[{"taxonomy":"product_brand","embeddable":true,"href":"https:\/\/terrecynara.it\/index.php?rest_route=%2Fwp%2Fv2%2Fproduct_brand&post=1053"},{"taxonomy":"product_cat","embeddable":true,"href":"https:\/\/terrecynara.it\/index.php?rest_route=%2Fwp%2Fv2%2Fproduct_cat&post=1053"},{"taxonomy":"product_tag","embeddable":true,"href":"https:\/\/terrecynara.it\/index.php?rest_route=%2Fwp%2Fv2%2Fproduct_tag&post=1053"}],"curies":[{"name":"wp","href":"https:\/\/api.w.org\/{rel}","templated":true}]}}