{"id":966,"date":"2025-01-26T15:45:07","date_gmt":"2025-01-26T13:45:07","guid":{"rendered":"https:\/\/terrecynara.it\/?product=prodotto-14"},"modified":"2025-07-15T22:07:21","modified_gmt":"2025-07-15T20:07:21","slug":"prodotto-14","status":"publish","type":"product","link":"https:\/\/terrecynara.it\/?product=prodotto-14","title":{"rendered":"Crema di Pistacchio"},"content":{"rendered":"<p>Un\u2019esplosione di gusto vellutato, un abbraccio di dolcezza e intensit\u00e0: la crema di pistacchio \u00e8 pura poesia per il palato. Con la sua consistenza morbida e il suo colore verde brillante, sprigiona tutto l\u2019aroma inconfondibile dei pistacchi pi\u00f9 pregiati, lavorati con cura per esaltarne la naturale cremosit\u00e0. Il suo sapore avvolgente e leggermente tostato conquista al primo assaggio, rendendola perfetta da spalmare su pane e brioche, per arricchire dolci e dessert o da gustare semplicemente al cucchiaio, per un momento di pura golosit\u00e0. Un capolavoro di semplicit\u00e0 e bont\u00e0, capace di trasformare ogni pausa in un\u2019esperienza indimenticabile.<\/p>\n","protected":false},"excerpt":{"rendered":"<p>Un\u2019esplosione di gusto vellutato, un abbraccio di dolcezza e intensit\u00e0: la crema di pistacchio \u00e8 pura poesia per il palato. Con la sua consistenza morbida e il suo colore verde brillante, sprigiona tutto l\u2019aroma inconfondibile dei pistacchi pi\u00f9 pregiati, lavorati con cura per esaltarne la naturale cremosit\u00e0. Il suo sapore avvolgente e leggermente tostato conquista al primo assaggio, rendendola perfetta da spalmare su pane e brioche, per arricchire dolci e dessert o da gustare semplicemente al cucchiaio, per un momento di pura golosit\u00e0. Un capolavoro di semplicit\u00e0 e bont\u00e0, capace di trasformare ogni pausa in un\u2019esperienza indimenticabile.<\/p>\n","protected":false},"featured_media":1103,"comment_status":"open","ping_status":"closed","template":"","meta":[],"product_brand":[38],"product_cat":[33,40],"product_tag":[],"class_list":{"0":"post-966","1":"product","2":"type-product","3":"status-publish","4":"has-post-thumbnail","6":"product_brand-terrecynara","7":"product_cat-creme-e-pate","8":"product_cat-tutti-i-prodotti","10":"first","11":"instock","12":"sale","13":"taxable","14":"shipping-taxable","15":"purchasable","16":"product-type-simple"},"_links":{"self":[{"href":"https:\/\/terrecynara.it\/index.php?rest_route=\/wp\/v2\/product\/966","targetHints":{"allow":["GET"]}}],"collection":[{"href":"https:\/\/terrecynara.it\/index.php?rest_route=\/wp\/v2\/product"}],"about":[{"href":"https:\/\/terrecynara.it\/index.php?rest_route=\/wp\/v2\/types\/product"}],"replies":[{"embeddable":true,"href":"https:\/\/terrecynara.it\/index.php?rest_route=%2Fwp%2Fv2%2Fcomments&post=966"}],"wp:featuredmedia":[{"embeddable":true,"href":"https:\/\/terrecynara.it\/index.php?rest_route=\/wp\/v2\/media\/1103"}],"wp:attachment":[{"href":"https:\/\/terrecynara.it\/index.php?rest_route=%2Fwp%2Fv2%2Fmedia&parent=966"}],"wp:term":[{"taxonomy":"product_brand","embeddable":true,"href":"https:\/\/terrecynara.it\/index.php?rest_route=%2Fwp%2Fv2%2Fproduct_brand&post=966"},{"taxonomy":"product_cat","embeddable":true,"href":"https:\/\/terrecynara.it\/index.php?rest_route=%2Fwp%2Fv2%2Fproduct_cat&post=966"},{"taxonomy":"product_tag","embeddable":true,"href":"https:\/\/terrecynara.it\/index.php?rest_route=%2Fwp%2Fv2%2Fproduct_tag&post=966"}],"curies":[{"name":"wp","href":"https:\/\/api.w.org\/{rel}","templated":true}]}}