{"id":969,"date":"2025-01-26T15:45:08","date_gmt":"2025-01-26T13:45:08","guid":{"rendered":"https:\/\/terrecynara.it\/?product=prodotto-17"},"modified":"2025-07-15T22:07:21","modified_gmt":"2025-07-15T20:07:21","slug":"prodotto-17","status":"publish","type":"product","link":"https:\/\/terrecynara.it\/?product=prodotto-17","title":{"rendered":"Caponata Alla Siciliana"},"content":{"rendered":"<p>La caponata alla siciliana \u00e8 un viaggio nei colori e nei sapori della Sicilia, un piatto che racconta la storia di una terra ricca di tradizioni e contrasti. Il suo cuore \u00e8 un mix di melanzane e pomodori succosi, il tutto impreziosito dal dolce acido dell\u2019aceto e dalla morbidezza delle olive verdi. La cipolla caramellata e il sedano aggiungono profondit\u00e0, mentre i capperi, con il loro tocco salato, risvegliano il palato in un\u2019esplosione di sapori. Ogni cucchiaiata \u00e8 come un piccolo assaggio di mare e montagna, dove la dolcezza si mescola con l\u2019acidit\u00e0, e la semplicit\u00e0 degli ingredienti diventa la perfetta alchimia. Servita fredda o a temperatura ambiente, la caponata \u00e8 un piatto che incanta, un trionfo di freschezza e sapori mediterranei, ideale per accompagnare carni, pesce o semplicemente da gustare su una fetta di pane croccante.<\/p>\n","protected":false},"excerpt":{"rendered":"<p>La caponata alla siciliana \u00e8 un viaggio nei colori e nei sapori della Sicilia, un piatto che racconta la storia di una terra ricca di tradizioni e contrasti. Il suo cuore \u00e8 un mix di melanzane e pomodori succosi, il tutto impreziosito dal dolce acido dell\u2019aceto e dalla morbidezza delle olive verdi. La cipolla caramellata e il sedano aggiungono profondit\u00e0, mentre i capperi, con il loro tocco salato, risvegliano il palato in un\u2019esplosione di sapori. Ogni cucchiaiata \u00e8 come un piccolo assaggio di mare e montagna, dove la dolcezza si mescola con l\u2019acidit\u00e0, e la semplicit\u00e0 degli ingredienti diventa la perfetta alchimia. Servita fredda o a temperatura ambiente, la caponata \u00e8 un piatto che incanta, un trionfo di&hellip;<\/p>\n","protected":false},"featured_media":1087,"comment_status":"open","ping_status":"closed","template":"","meta":[],"product_brand":[38],"product_cat":[32,40],"product_tag":[],"class_list":{"0":"post-969","1":"product","2":"type-product","3":"status-publish","4":"has-post-thumbnail","6":"product_brand-terrecynara","7":"product_cat-conserve","8":"product_cat-tutti-i-prodotti","10":"first","11":"instock","12":"sale","13":"taxable","14":"shipping-taxable","15":"purchasable","16":"product-type-simple"},"_links":{"self":[{"href":"https:\/\/terrecynara.it\/index.php?rest_route=\/wp\/v2\/product\/969","targetHints":{"allow":["GET"]}}],"collection":[{"href":"https:\/\/terrecynara.it\/index.php?rest_route=\/wp\/v2\/product"}],"about":[{"href":"https:\/\/terrecynara.it\/index.php?rest_route=\/wp\/v2\/types\/product"}],"replies":[{"embeddable":true,"href":"https:\/\/terrecynara.it\/index.php?rest_route=%2Fwp%2Fv2%2Fcomments&post=969"}],"wp:featuredmedia":[{"embeddable":true,"href":"https:\/\/terrecynara.it\/index.php?rest_route=\/wp\/v2\/media\/1087"}],"wp:attachment":[{"href":"https:\/\/terrecynara.it\/index.php?rest_route=%2Fwp%2Fv2%2Fmedia&parent=969"}],"wp:term":[{"taxonomy":"product_brand","embeddable":true,"href":"https:\/\/terrecynara.it\/index.php?rest_route=%2Fwp%2Fv2%2Fproduct_brand&post=969"},{"taxonomy":"product_cat","embeddable":true,"href":"https:\/\/terrecynara.it\/index.php?rest_route=%2Fwp%2Fv2%2Fproduct_cat&post=969"},{"taxonomy":"product_tag","embeddable":true,"href":"https:\/\/terrecynara.it\/index.php?rest_route=%2Fwp%2Fv2%2Fproduct_tag&post=969"}],"curies":[{"name":"wp","href":"https:\/\/api.w.org\/{rel}","templated":true}]}}