{"id":970,"date":"2025-01-26T15:45:08","date_gmt":"2025-01-26T13:45:08","guid":{"rendered":"https:\/\/terrecynara.it\/?product=prodotto-18"},"modified":"2025-07-15T22:07:21","modified_gmt":"2025-07-15T20:07:21","slug":"prodotto-18","status":"publish","type":"product","link":"https:\/\/terrecynara.it\/?product=prodotto-18","title":{"rendered":"Pat\u00e9 di Olive Verdi"},"content":{"rendered":"<p>Il pat\u00e9 di olive verdi \u00e8 un condimento che racchiude in s\u00e9 tutta la vitalit\u00e0 e il profumo del Mediterraneo. Crema morbida e dal colore vibrante, \u00e8 un\u2019esplosione di sapore che gioca tra il salato intenso delle olive e la delicatezza degli aromi freschi. La sua consistenza vellutata avvolge il palato, rivelando sottili note di aglio, origano e un pizzico di prezzemolo, che ne esaltano la freschezza e l\u2019equilibrio. Perfetto da spalmare su crostini di pane, da aggiungere a piatti di pasta o come accompagnamento a formaggi stagionati, il pat\u00e9 di olive verdi \u00e8 un piccolo assaggio di autenticit\u00e0 e tradizione, capace di portare un tocco di eleganza e carattere in ogni occasione. Un vero e proprio inno al gusto semplice ma straordinario della cucina mediterranea.<\/p>\n","protected":false},"excerpt":{"rendered":"<p>Il pat\u00e9 di olive verdi \u00e8 un condimento che racchiude in s\u00e9 tutta la vitalit\u00e0 e il profumo del Mediterraneo. Crema morbida e dal colore vibrante, \u00e8 un\u2019esplosione di sapore che gioca tra il salato intenso delle olive e la delicatezza degli aromi freschi. La sua consistenza vellutata avvolge il palato, rivelando sottili note di aglio, origano e un pizzico di prezzemolo, che ne esaltano la freschezza e l\u2019equilibrio. Perfetto da spalmare su crostini di pane, da aggiungere a piatti di pasta o come accompagnamento a formaggi stagionati, il pat\u00e9 di olive verdi \u00e8 un piccolo assaggio di autenticit\u00e0 e tradizione, capace di portare un tocco di eleganza e carattere in ogni occasione. Un vero e proprio inno&hellip;<\/p>\n","protected":false},"featured_media":1081,"comment_status":"open","ping_status":"closed","template":"","meta":[],"product_brand":[38],"product_cat":[33,40],"product_tag":[],"class_list":{"0":"post-970","1":"product","2":"type-product","3":"status-publish","4":"has-post-thumbnail","6":"product_brand-terrecynara","7":"product_cat-creme-e-pate","8":"product_cat-tutti-i-prodotti","10":"first","11":"instock","12":"sale","13":"taxable","14":"shipping-taxable","15":"purchasable","16":"product-type-simple"},"_links":{"self":[{"href":"https:\/\/terrecynara.it\/index.php?rest_route=\/wp\/v2\/product\/970","targetHints":{"allow":["GET"]}}],"collection":[{"href":"https:\/\/terrecynara.it\/index.php?rest_route=\/wp\/v2\/product"}],"about":[{"href":"https:\/\/terrecynara.it\/index.php?rest_route=\/wp\/v2\/types\/product"}],"replies":[{"embeddable":true,"href":"https:\/\/terrecynara.it\/index.php?rest_route=%2Fwp%2Fv2%2Fcomments&post=970"}],"wp:featuredmedia":[{"embeddable":true,"href":"https:\/\/terrecynara.it\/index.php?rest_route=\/wp\/v2\/media\/1081"}],"wp:attachment":[{"href":"https:\/\/terrecynara.it\/index.php?rest_route=%2Fwp%2Fv2%2Fmedia&parent=970"}],"wp:term":[{"taxonomy":"product_brand","embeddable":true,"href":"https:\/\/terrecynara.it\/index.php?rest_route=%2Fwp%2Fv2%2Fproduct_brand&post=970"},{"taxonomy":"product_cat","embeddable":true,"href":"https:\/\/terrecynara.it\/index.php?rest_route=%2Fwp%2Fv2%2Fproduct_cat&post=970"},{"taxonomy":"product_tag","embeddable":true,"href":"https:\/\/terrecynara.it\/index.php?rest_route=%2Fwp%2Fv2%2Fproduct_tag&post=970"}],"curies":[{"name":"wp","href":"https:\/\/api.w.org\/{rel}","templated":true}]}}