{"id":971,"date":"2025-01-26T15:45:08","date_gmt":"2025-01-26T13:45:08","guid":{"rendered":"https:\/\/terrecynara.it\/?product=prodotto-19"},"modified":"2025-07-15T22:07:21","modified_gmt":"2025-07-15T20:07:21","slug":"prodotto-19","status":"publish","type":"product","link":"https:\/\/terrecynara.it\/?product=prodotto-19","title":{"rendered":"Pat\u00e9 di Olive Nere"},"content":{"rendered":"<p>Il pat\u00e9 di olive nere \u00e8 un vero e proprio concentrato di passione e intensit\u00e0, un invito a immergersi nei sapori profondi e avvolgenti del Mediterraneo. La sua consistenza setosa e ricca si fonde con il gusto deciso delle olive nere, arricchite da una delicata miscela di aromi che sussurrano di prezzemolo, aglio e un tocco di menta. Ogni cucchiaiata \u00e8 un viaggio sensoriale, dove la sapidit\u00e0 delle olive si mescola alla dolcezza di un leggero filo d\u2019olio extravergine d\u2019oliva, creando un equilibrio perfetto. Ideale per accompagnare crostini rustici, formaggi stagionati o semplicemente per dare un tocco di carattere a piatti di pasta o carne, il pat\u00e9 di olive nere \u00e8 un vero e proprio elisir di sapori mediterranei, capace di trasformare ogni assaggio in un\u2019esperienza unica e indimenticabile.<\/p>\n","protected":false},"excerpt":{"rendered":"<p>Il pat\u00e9 di olive nere \u00e8 un vero e proprio concentrato di passione e intensit\u00e0, un invito a immergersi nei sapori profondi e avvolgenti del Mediterraneo. La sua consistenza setosa e ricca si fonde con il gusto deciso delle olive nere, arricchite da una delicata miscela di aromi che sussurrano di prezzemolo, aglio e un tocco di menta. Ogni cucchiaiata \u00e8 un viaggio sensoriale, dove la sapidit\u00e0 delle olive si mescola alla dolcezza di un leggero filo d\u2019olio extravergine d\u2019oliva, creando un equilibrio perfetto. Ideale per accompagnare crostini rustici, formaggi stagionati o semplicemente per dare un tocco di carattere a piatti di pasta o carne, il pat\u00e9 di olive nere \u00e8 un vero e proprio elisir di sapori&hellip;<\/p>\n","protected":false},"featured_media":1083,"comment_status":"open","ping_status":"closed","template":"","meta":[],"product_brand":[38],"product_cat":[33,40],"product_tag":[],"class_list":{"0":"post-971","1":"product","2":"type-product","3":"status-publish","4":"has-post-thumbnail","6":"product_brand-terrecynara","7":"product_cat-creme-e-pate","8":"product_cat-tutti-i-prodotti","10":"first","11":"instock","12":"sale","13":"taxable","14":"shipping-taxable","15":"purchasable","16":"product-type-simple"},"_links":{"self":[{"href":"https:\/\/terrecynara.it\/index.php?rest_route=\/wp\/v2\/product\/971","targetHints":{"allow":["GET"]}}],"collection":[{"href":"https:\/\/terrecynara.it\/index.php?rest_route=\/wp\/v2\/product"}],"about":[{"href":"https:\/\/terrecynara.it\/index.php?rest_route=\/wp\/v2\/types\/product"}],"replies":[{"embeddable":true,"href":"https:\/\/terrecynara.it\/index.php?rest_route=%2Fwp%2Fv2%2Fcomments&post=971"}],"wp:featuredmedia":[{"embeddable":true,"href":"https:\/\/terrecynara.it\/index.php?rest_route=\/wp\/v2\/media\/1083"}],"wp:attachment":[{"href":"https:\/\/terrecynara.it\/index.php?rest_route=%2Fwp%2Fv2%2Fmedia&parent=971"}],"wp:term":[{"taxonomy":"product_brand","embeddable":true,"href":"https:\/\/terrecynara.it\/index.php?rest_route=%2Fwp%2Fv2%2Fproduct_brand&post=971"},{"taxonomy":"product_cat","embeddable":true,"href":"https:\/\/terrecynara.it\/index.php?rest_route=%2Fwp%2Fv2%2Fproduct_cat&post=971"},{"taxonomy":"product_tag","embeddable":true,"href":"https:\/\/terrecynara.it\/index.php?rest_route=%2Fwp%2Fv2%2Fproduct_tag&post=971"}],"curies":[{"name":"wp","href":"https:\/\/api.w.org\/{rel}","templated":true}]}}