{"id":973,"date":"2025-01-26T15:45:08","date_gmt":"2025-01-26T13:45:08","guid":{"rendered":"https:\/\/terrecynara.it\/?product=prodotto-21"},"modified":"2025-09-22T17:45:21","modified_gmt":"2025-09-22T15:45:21","slug":"prodotto-21","status":"publish","type":"product","link":"https:\/\/terrecynara.it\/?product=prodotto-21","title":{"rendered":"Pomodoro Ciliegino Semisecco"},"content":{"rendered":"<p>Un piccolo gioiello del Mediterraneo, capace di racchiudere tutta l\u2019essenza del sole e della terra in un solo morso. Il pomodorino ciliegino semi-secco \u00e8 un\u2019esplosione di dolcezza e intensit\u00e0, con la sua polpa carnosa e il perfetto equilibrio tra freschezza e sapidit\u00e0. Lentamente essiccato per concentrare gli aromi senza perderne la succosit\u00e0, questo tesoro rosso sprigiona note intense e avvolgenti, esaltate da un filo di olio extravergine d\u2019oliva e un pizzico di erbe aromatiche. Ideale per arricchire antipasti, primi piatti, focacce e insalate, dona a ogni ricetta un tocco gourmet e irresistibile. Un assaggio e si viene trasportati tra i profumi e i colori della Sicilia, dove il sole bacia ogni ingrediente con amore.<\/p>\n","protected":false},"excerpt":{"rendered":"<p>Un piccolo gioiello del Mediterraneo, capace di racchiudere tutta l\u2019essenza del sole e della terra in un solo morso. Il pomodorino ciliegino semi-secco \u00e8 un\u2019esplosione di dolcezza e intensit\u00e0, con la sua polpa carnosa e il perfetto equilibrio tra freschezza e sapidit\u00e0. Lentamente essiccato per concentrare gli aromi senza perderne la succosit\u00e0, questo tesoro rosso sprigiona note intense e avvolgenti, esaltate da un filo di olio extravergine d\u2019oliva e un pizzico di erbe aromatiche. Ideale per arricchire antipasti, primi piatti, focacce e insalate, dona a ogni ricetta un tocco gourmet e irresistibile. Un assaggio e si viene trasportati tra i profumi e i colori della Sicilia, dove il sole bacia ogni ingrediente con amore.<\/p>\n","protected":false},"featured_media":1099,"comment_status":"open","ping_status":"closed","template":"","meta":[],"product_brand":[38],"product_cat":[32,40],"product_tag":[],"class_list":{"0":"post-973","1":"product","2":"type-product","3":"status-publish","4":"has-post-thumbnail","6":"product_brand-terrecynara","7":"product_cat-conserve","8":"product_cat-tutti-i-prodotti","10":"first","11":"instock","12":"sale","13":"taxable","14":"shipping-taxable","15":"purchasable","16":"product-type-simple"},"_links":{"self":[{"href":"https:\/\/terrecynara.it\/index.php?rest_route=\/wp\/v2\/product\/973","targetHints":{"allow":["GET"]}}],"collection":[{"href":"https:\/\/terrecynara.it\/index.php?rest_route=\/wp\/v2\/product"}],"about":[{"href":"https:\/\/terrecynara.it\/index.php?rest_route=\/wp\/v2\/types\/product"}],"replies":[{"embeddable":true,"href":"https:\/\/terrecynara.it\/index.php?rest_route=%2Fwp%2Fv2%2Fcomments&post=973"}],"wp:featuredmedia":[{"embeddable":true,"href":"https:\/\/terrecynara.it\/index.php?rest_route=\/wp\/v2\/media\/1099"}],"wp:attachment":[{"href":"https:\/\/terrecynara.it\/index.php?rest_route=%2Fwp%2Fv2%2Fmedia&parent=973"}],"wp:term":[{"taxonomy":"product_brand","embeddable":true,"href":"https:\/\/terrecynara.it\/index.php?rest_route=%2Fwp%2Fv2%2Fproduct_brand&post=973"},{"taxonomy":"product_cat","embeddable":true,"href":"https:\/\/terrecynara.it\/index.php?rest_route=%2Fwp%2Fv2%2Fproduct_cat&post=973"},{"taxonomy":"product_tag","embeddable":true,"href":"https:\/\/terrecynara.it\/index.php?rest_route=%2Fwp%2Fv2%2Fproduct_tag&post=973"}],"curies":[{"name":"wp","href":"https:\/\/api.w.org\/{rel}","templated":true}]}}