{"id":974,"date":"2025-01-26T15:45:08","date_gmt":"2025-01-26T13:45:08","guid":{"rendered":"https:\/\/terrecynara.it\/?product=prodotto-22"},"modified":"2025-07-15T22:07:28","modified_gmt":"2025-07-15T20:07:28","slug":"prodotto-22","status":"publish","type":"product","link":"https:\/\/terrecynara.it\/?product=prodotto-22","title":{"rendered":"Pat\u00e9 di Peperoncino"},"content":{"rendered":"<p>Il pat\u00e9 di peperoncino \u00e8 un\u2019esplosione di sapori audaci e intensi, perfetto per chi cerca una sferzata di energia in ogni boccone. Con la sua consistenza morbida e cremosa, questo condimento si caratterizza per il suo mix irresistibile di peperoncini freschi, olio extravergine d\u2019oliva e un pizzico di spezie che danzano sul palato. Il calore dei peperoncini si fonde con la delicatezza degli altri ingredienti, creando un equilibrio perfetto tra piccantezza e freschezza. Ideale per arricchire bruschette, piatti di carne o semplicemente da spalmare su crostini, il pat\u00e9 di peperoncino \u00e8 un invito irresistibile a scoprire nuovi orizzonti gastronomici, con il suo tocco di vivacit\u00e0 e passione<\/p>\n","protected":false},"excerpt":{"rendered":"<p>Il pat\u00e9 di peperoncino \u00e8 un\u2019esplosione di sapori audaci e intensi, perfetto per chi cerca una sferzata di energia in ogni boccone. Con la sua consistenza morbida e cremosa, questo condimento si caratterizza per il suo mix irresistibile di peperoncini freschi, olio extravergine d\u2019oliva e un pizzico di spezie che danzano sul palato. Il calore dei peperoncini si fonde con la delicatezza degli altri ingredienti, creando un equilibrio perfetto tra piccantezza e freschezza. Ideale per arricchire bruschette, piatti di carne o semplicemente da spalmare su crostini, il pat\u00e9 di peperoncino \u00e8 un invito irresistibile a scoprire nuovi orizzonti gastronomici, con il suo tocco di vivacit\u00e0 e passione<\/p>\n","protected":false},"featured_media":1079,"comment_status":"open","ping_status":"closed","template":"","meta":[],"product_brand":[38],"product_cat":[33,40],"product_tag":[],"class_list":{"0":"post-974","1":"product","2":"type-product","3":"status-publish","4":"has-post-thumbnail","6":"product_brand-terrecynara","7":"product_cat-creme-e-pate","8":"product_cat-tutti-i-prodotti","10":"first","11":"instock","12":"sale","13":"taxable","14":"shipping-taxable","15":"purchasable","16":"product-type-simple"},"_links":{"self":[{"href":"https:\/\/terrecynara.it\/index.php?rest_route=\/wp\/v2\/product\/974","targetHints":{"allow":["GET"]}}],"collection":[{"href":"https:\/\/terrecynara.it\/index.php?rest_route=\/wp\/v2\/product"}],"about":[{"href":"https:\/\/terrecynara.it\/index.php?rest_route=\/wp\/v2\/types\/product"}],"replies":[{"embeddable":true,"href":"https:\/\/terrecynara.it\/index.php?rest_route=%2Fwp%2Fv2%2Fcomments&post=974"}],"wp:featuredmedia":[{"embeddable":true,"href":"https:\/\/terrecynara.it\/index.php?rest_route=\/wp\/v2\/media\/1079"}],"wp:attachment":[{"href":"https:\/\/terrecynara.it\/index.php?rest_route=%2Fwp%2Fv2%2Fmedia&parent=974"}],"wp:term":[{"taxonomy":"product_brand","embeddable":true,"href":"https:\/\/terrecynara.it\/index.php?rest_route=%2Fwp%2Fv2%2Fproduct_brand&post=974"},{"taxonomy":"product_cat","embeddable":true,"href":"https:\/\/terrecynara.it\/index.php?rest_route=%2Fwp%2Fv2%2Fproduct_cat&post=974"},{"taxonomy":"product_tag","embeddable":true,"href":"https:\/\/terrecynara.it\/index.php?rest_route=%2Fwp%2Fv2%2Fproduct_tag&post=974"}],"curies":[{"name":"wp","href":"https:\/\/api.w.org\/{rel}","templated":true}]}}