{"id":976,"date":"2025-01-26T15:45:08","date_gmt":"2025-01-26T13:45:08","guid":{"rendered":"https:\/\/terrecynara.it\/?product=prodotto-24"},"modified":"2025-07-15T22:07:44","modified_gmt":"2025-07-15T20:07:44","slug":"prodotto-24","status":"publish","type":"product","link":"https:\/\/terrecynara.it\/?product=prodotto-24","title":{"rendered":"Crema di Mandorle"},"content":{"rendered":"<p>Un\u2019eleganza delicata racchiusa in una crema dal sapore dolce e avvolgente: la crema di mandorle \u00e8 una carezza per il palato. Ottenuta dalle mandorle pi\u00f9 pregiate, lavorate con maestria per esaltarne la naturale cremosit\u00e0, questa delizia regala una consistenza vellutata e un profumo irresistibile. Il suo gusto raffinato, con note tostate e una dolcezza equilibrata, la rende perfetta da spalmare su pane e croissant, per impreziosire dolci e dessert o semplicemente da assaporare da sola, per un momento di puro piacere. Ogni assaggio \u00e8 un viaggio tra tradizione e golosit\u00e0, un omaggio alla semplicit\u00e0 e alla bont\u00e0 della frutta secca pi\u00f9 preziosa.<\/p>\n","protected":false},"excerpt":{"rendered":"<p>Un\u2019eleganza delicata racchiusa in una crema dal sapore dolce e avvolgente: la crema di mandorle \u00e8 una carezza per il palato. Ottenuta dalle mandorle pi\u00f9 pregiate, lavorate con maestria per esaltarne la naturale cremosit\u00e0, questa delizia regala una consistenza vellutata e un profumo irresistibile. Il suo gusto raffinato, con note tostate e una dolcezza equilibrata, la rende perfetta da spalmare su pane e croissant, per impreziosire dolci e dessert o semplicemente da assaporare da sola, per un momento di puro piacere. Ogni assaggio \u00e8 un viaggio tra tradizione e golosit\u00e0, un omaggio alla semplicit\u00e0 e alla bont\u00e0 della frutta secca pi\u00f9 preziosa.<\/p>\n","protected":false},"featured_media":1108,"comment_status":"open","ping_status":"closed","template":"","meta":[],"product_brand":[38],"product_cat":[33,40],"product_tag":[],"class_list":{"0":"post-976","1":"product","2":"type-product","3":"status-publish","4":"has-post-thumbnail","6":"product_brand-terrecynara","7":"product_cat-creme-e-pate","8":"product_cat-tutti-i-prodotti","10":"first","11":"instock","12":"sale","13":"taxable","14":"shipping-taxable","15":"purchasable","16":"product-type-variable"},"_links":{"self":[{"href":"https:\/\/terrecynara.it\/index.php?rest_route=\/wp\/v2\/product\/976","targetHints":{"allow":["GET"]}}],"collection":[{"href":"https:\/\/terrecynara.it\/index.php?rest_route=\/wp\/v2\/product"}],"about":[{"href":"https:\/\/terrecynara.it\/index.php?rest_route=\/wp\/v2\/types\/product"}],"replies":[{"embeddable":true,"href":"https:\/\/terrecynara.it\/index.php?rest_route=%2Fwp%2Fv2%2Fcomments&post=976"}],"wp:featuredmedia":[{"embeddable":true,"href":"https:\/\/terrecynara.it\/index.php?rest_route=\/wp\/v2\/media\/1108"}],"wp:attachment":[{"href":"https:\/\/terrecynara.it\/index.php?rest_route=%2Fwp%2Fv2%2Fmedia&parent=976"}],"wp:term":[{"taxonomy":"product_brand","embeddable":true,"href":"https:\/\/terrecynara.it\/index.php?rest_route=%2Fwp%2Fv2%2Fproduct_brand&post=976"},{"taxonomy":"product_cat","embeddable":true,"href":"https:\/\/terrecynara.it\/index.php?rest_route=%2Fwp%2Fv2%2Fproduct_cat&post=976"},{"taxonomy":"product_tag","embeddable":true,"href":"https:\/\/terrecynara.it\/index.php?rest_route=%2Fwp%2Fv2%2Fproduct_tag&post=976"}],"curies":[{"name":"wp","href":"https:\/\/api.w.org\/{rel}","templated":true}]}}