{"id":981,"date":"2025-01-26T15:45:08","date_gmt":"2025-01-26T13:45:08","guid":{"rendered":"https:\/\/terrecynara.it\/?product=prodotto-29"},"modified":"2025-07-15T22:07:28","modified_gmt":"2025-07-15T20:07:28","slug":"prodotto-29","status":"publish","type":"product","link":"https:\/\/terrecynara.it\/?product=prodotto-29","title":{"rendered":"Pesto alla Trapanese"},"content":{"rendered":"<p>Un\u2019esplosione di sapori mediterranei, il pesto alla trapanese \u00e8 un inno alla tradizione siciliana, dove ogni ingrediente racconta il calore e l\u2019autenticit\u00e0 dell\u2019isola. I pomodori maturi si uniscono alle mandorle croccanti, al profumo intenso del basilico e all\u2019aroma deciso dell\u2019aglio, il tutto avvolto dalla morbidezza dell\u2019olio extravergine d\u2019oliva. Il risultato \u00e8 una crema rustica e avvolgente, dal gusto fresco e ricco, con un perfetto equilibrio tra dolcezza, acidit\u00e0 e sapidit\u00e0. Ideale per condire busiate artigianali, esaltare crostini croccanti o accompagnare secondi di pesce, questo pesto \u00e8 un viaggio nei sapori autentici di Sicilia, capace di trasformare ogni piatto in un\u2019esperienza indimenticabile.<\/p>\n","protected":false},"excerpt":{"rendered":"<p>Un\u2019esplosione di sapori mediterranei, il pesto alla trapanese \u00e8 un inno alla tradizione siciliana, dove ogni ingrediente racconta il calore e l\u2019autenticit\u00e0 dell\u2019isola. I pomodori maturi si uniscono alle mandorle croccanti, al profumo intenso del basilico e all\u2019aroma deciso dell\u2019aglio, il tutto avvolto dalla morbidezza dell\u2019olio extravergine d\u2019oliva. Il risultato \u00e8 una crema rustica e avvolgente, dal gusto fresco e ricco, con un perfetto equilibrio tra dolcezza, acidit\u00e0 e sapidit\u00e0. Ideale per condire busiate artigianali, esaltare crostini croccanti o accompagnare secondi di pesce, questo pesto \u00e8 un viaggio nei sapori autentici di Sicilia, capace di trasformare ogni piatto in un\u2019esperienza indimenticabile.<\/p>\n","protected":false},"featured_media":1091,"comment_status":"open","ping_status":"closed","template":"","meta":[],"product_brand":[38],"product_cat":[33,40],"product_tag":[],"class_list":{"0":"post-981","1":"product","2":"type-product","3":"status-publish","4":"has-post-thumbnail","6":"product_brand-terrecynara","7":"product_cat-creme-e-pate","8":"product_cat-tutti-i-prodotti","10":"first","11":"instock","12":"sale","13":"taxable","14":"shipping-taxable","15":"purchasable","16":"product-type-simple"},"_links":{"self":[{"href":"https:\/\/terrecynara.it\/index.php?rest_route=\/wp\/v2\/product\/981","targetHints":{"allow":["GET"]}}],"collection":[{"href":"https:\/\/terrecynara.it\/index.php?rest_route=\/wp\/v2\/product"}],"about":[{"href":"https:\/\/terrecynara.it\/index.php?rest_route=\/wp\/v2\/types\/product"}],"replies":[{"embeddable":true,"href":"https:\/\/terrecynara.it\/index.php?rest_route=%2Fwp%2Fv2%2Fcomments&post=981"}],"wp:featuredmedia":[{"embeddable":true,"href":"https:\/\/terrecynara.it\/index.php?rest_route=\/wp\/v2\/media\/1091"}],"wp:attachment":[{"href":"https:\/\/terrecynara.it\/index.php?rest_route=%2Fwp%2Fv2%2Fmedia&parent=981"}],"wp:term":[{"taxonomy":"product_brand","embeddable":true,"href":"https:\/\/terrecynara.it\/index.php?rest_route=%2Fwp%2Fv2%2Fproduct_brand&post=981"},{"taxonomy":"product_cat","embeddable":true,"href":"https:\/\/terrecynara.it\/index.php?rest_route=%2Fwp%2Fv2%2Fproduct_cat&post=981"},{"taxonomy":"product_tag","embeddable":true,"href":"https:\/\/terrecynara.it\/index.php?rest_route=%2Fwp%2Fv2%2Fproduct_tag&post=981"}],"curies":[{"name":"wp","href":"https:\/\/api.w.org\/{rel}","templated":true}]}}